{"id":168,"date":"2025-09-22T07:08:19","date_gmt":"2025-09-22T07:08:19","guid":{"rendered":"https:\/\/kloa-energie.at\/?page_id=168"},"modified":"2025-09-22T07:10:13","modified_gmt":"2025-09-22T07:10:13","slug":"impressum","status":"publish","type":"page","link":"https:\/\/kloa-energie.at\/index.php\/impressum\/","title":{"rendered":"Impressum"},"content":{"rendered":"\t\t<div data-elementor-type=\"wp-page\" data-elementor-id=\"168\" class=\"elementor elementor-168\">\n\t\t\t\t<div class=\"elementor-element elementor-element-ea2fc62 e-flex e-con-boxed wpr-particle-no wpr-jarallax-no wpr-parallax-no wpr-sticky-section-no e-con e-parent\" data-id=\"ea2fc62\" data-element_type=\"container\" data-e-type=\"container\">\n\t\t\t\t\t<div class=\"e-con-inner\">\n\t\t\t\t<div class=\"elementor-element elementor-element-05efff2 wpr-main-menu-align-left wpr-main-menu-align--tabletleft wpr-main-menu-align--mobileleft wpr-pointer-underline wpr-pointer-line-fx wpr-pointer-fx-fade wpr-sub-icon-caret-down wpr-sub-menu-fx-fade wpr-nav-menu-bp-mobile wpr-mobile-menu-full-width wpr-mobile-menu-item-align-center wpr-mobile-toggle-v1 wpr-sub-divider-yes wpr-mobile-divider-yes elementor-widget elementor-widget-wpr-nav-menu\" data-id=\"05efff2\" data-element_type=\"widget\" data-e-type=\"widget\" data-settings=\"{&quot;menu_layout&quot;:&quot;horizontal&quot;}\" data-widget_type=\"wpr-nav-menu.default\">\n\t\t\t\t\t<nav class=\"wpr-nav-menu-container wpr-nav-menu-horizontal\" data-trigger=\"hover\"><ul id=\"menu-1-05efff2\" class=\"wpr-nav-menu\"><li class=\"menu-item menu-item-type-post_type menu-item-object-page menu-item-home menu-item-160\"><a href=\"https:\/\/kloa-energie.at\/\" class=\"wpr-menu-item wpr-pointer-item\">Zur Hauptseite<\/a><\/li>\n<\/ul><\/nav><nav class=\"wpr-mobile-nav-menu-container\"><div class=\"wpr-mobile-toggle-wrap\"><div class=\"wpr-mobile-toggle\"><span class=\"wpr-mobile-toggle-line\"><\/span><span class=\"wpr-mobile-toggle-line\"><\/span><span class=\"wpr-mobile-toggle-line\"><\/span><\/div><\/div><ul id=\"mobile-menu-2-05efff2\" class=\"wpr-mobile-nav-menu\"><li class=\"menu-item menu-item-type-post_type menu-item-object-page menu-item-home menu-item-160\"><a href=\"https:\/\/kloa-energie.at\/\" class=\"wpr-mobile-menu-item\">Zur Hauptseite<\/a><\/li>\n<\/ul><\/nav>\t\t\t\t<\/div>\n\t\t\t\t\t<\/div>\n\t\t\t\t<\/div>\n\t\t<div class=\"elementor-element elementor-element-0dee0d0 e-flex e-con-boxed wpr-particle-no wpr-jarallax-no wpr-parallax-no wpr-sticky-section-no e-con e-parent\" data-id=\"0dee0d0\" data-element_type=\"container\" data-e-type=\"container\">\n\t\t\t\t\t<div class=\"e-con-inner\">\n\t\t\t\t<div class=\"elementor-element elementor-element-61bd5f6 elementor-widget elementor-widget-text-editor\" data-id=\"61bd5f6\" data-element_type=\"widget\" data-e-type=\"widget\" data-widget_type=\"text-editor.default\">\n\t\t\t\t\t\t\t\t\t<h1>Impressum<\/h1><p>Firma: Christian M. Grabenschweiger<\/p><p>Telefon: +43 664 311 0182<\/p><p>E-Mail: anfrage (a) kloa-energie.at<\/p><p>Anschrift: Thann 32, 3342 Opponitz<\/p><p>UID: ATU68502122<br \/>Thann 32, 3342 Opponitz<\/p><p>Firmensitz: Opponitz<br \/>Mitglied der WKO Nieder\u00f6sterreich (UBIT u. Handelsagent)<br \/>Aufsichtsbeh\u00f6rde\/Gewerbebeh\u00f6rde: BH Amstetten<br \/>GISA-Zahl: 12089734 Handelsagent<br \/>GISA-Zahl: 27975749 Dienstleistungen in der automatischen Datenverarbeitung und Informationstechnik<br \/>zust\u00e4ndiges Gericht: Landesgericht f\u00fcr St. P\u00f6lten.<br \/>Anwendbare Rechtsvorschriften: www.ris.bka.gv.at<\/p><p>KLOA\u00ae ist eine eingetragene Marke von C.Grabenschweiger<\/p><p>die Urherberrechte der verwendeten Fotos stehen im Eigentum von C. Grabenschweiger<\/p>\t\t\t\t\t\t\t\t<\/div>\n\t\t\t\t\t<\/div>\n\t\t\t\t<\/div>\n\t\t\t\t<\/div>\n\t\t","protected":false},"excerpt":{"rendered":"<p>Zur Hauptseite Zur Hauptseite Impressum Firma: Christian M. Grabenschweiger Telefon: +43 664 311 0182 E-Mail: anfrage (a) kloa-energie.at Anschrift: Thann 32, 3342 Opponitz UID: ATU68502122Thann 32, 3342 Opponitz Firmensitz: OpponitzMitglied der WKO Nieder\u00f6sterreich (UBIT u. Handelsagent)Aufsichtsbeh\u00f6rde\/Gewerbebeh\u00f6rde: BH AmstettenGISA-Zahl: 12089734 HandelsagentGISA-Zahl: 27975749 Dienstleistungen in der automatischen Datenverarbeitung und Informationstechnikzust\u00e4ndiges Gericht: Landesgericht f\u00fcr St. P\u00f6lten.Anwendbare Rechtsvorschriften: www.ris.bka.gv.at KLOA\u00ae ist eine eingetragene Marke von C.Grabenschweiger die Urherberrechte der verwendeten Fotos stehen im Eigentum von C. Grabenschweiger<\/p>\n","protected":false},"author":1,"featured_media":0,"parent":0,"menu_order":0,"comment_status":"closed","ping_status":"closed","template":"elementor_canvas","meta":{"footnotes":""},"class_list":["post-168","page","type-page","status-publish","hentry"],"_links":{"self":[{"href":"https:\/\/kloa-energie.at\/index.php\/wp-json\/wp\/v2\/pages\/168","targetHints":{"allow":["GET"]}}],"collection":[{"href":"https:\/\/kloa-energie.at\/index.php\/wp-json\/wp\/v2\/pages"}],"about":[{"href":"https:\/\/kloa-energie.at\/index.php\/wp-json\/wp\/v2\/types\/page"}],"author":[{"embeddable":true,"href":"https:\/\/kloa-energie.at\/index.php\/wp-json\/wp\/v2\/users\/1"}],"replies":[{"embeddable":true,"href":"https:\/\/kloa-energie.at\/index.php\/wp-json\/wp\/v2\/comments?post=168"}],"version-history":[{"count":4,"href":"https:\/\/kloa-energie.at\/index.php\/wp-json\/wp\/v2\/pages\/168\/revisions"}],"predecessor-version":[{"id":173,"href":"https:\/\/kloa-energie.at\/index.php\/wp-json\/wp\/v2\/pages\/168\/revisions\/173"}],"wp:attachment":[{"href":"https:\/\/kloa-energie.at\/index.php\/wp-json\/wp\/v2\/media?parent=168"}],"curies":[{"name":"wp","href":"https:\/\/api.w.org\/{rel}","templated":true}]}}